{"id":74,"date":"2018-11-17T12:14:05","date_gmt":"2018-11-17T15:14:05","guid":{"rendered":"http:\/\/madeohotel-spa.com.ar\/reservar\/?page_id=74"},"modified":"2025-11-03T21:34:59","modified_gmt":"2025-11-04T00:34:59","slug":"terminos-y-condiciones","status":"publish","type":"page","link":"https:\/\/madeohotel-spa.com.ar\/reservar\/terminos-y-condiciones\/","title":{"rendered":"T\u00e9rminos, servicios y condiciones."},"content":{"rendered":"<p>&nbsp;<\/p>\n<ul>\n<li>Su <strong>RESERVA<\/strong> se cobrar\u00e1 en AR \u2013 Pesos Argentinos, si el pago es en d\u00f3lares,\u00a0el mismo se tomar\u00e1 del d\u00f3lar\u00a0promedio al d\u00eda del pago, tipo COMPRA de ser pasado a pesos y tipo VENTA de pesos a d\u00f3lares, como referencia se tomara el Banco Naci\u00f3n de la Argentina.<br \/><br \/><\/li>\n<li>En caso de que haya realizado un pago parcial\/se\u00f1a y al momento de cancelar la diferencia, nuestras tarifas sufrieran un cambio o la\/s promoci\u00f3n\/es estuvieran ca\u00eddas, se actualizar\u00e1 al momento del pago; de querer congelar su tarifa o bien optar por las promociones actuales, deber\u00e1 pagar su totalidad al momento de su reserva.<\/li>\n<li>Tarifas\u00a0NO REEMBOLSABLES, \u00a1la reserva\u00a0NO\u00a0podr\u00e1 ser cancelada! \u2013<\/li>\n<li>LAS HABITACIONES SE LIMPIARAN CADA 48 hs AUNQUE EL HU\u00c9SPED NO EST\u00c9 DE ACUERDO, EL HOTEL SE RESERVA EL DERECHO DE MANTENER LAS UNIDADES DESINFECTADAS Y LIMPIAS, DE ENCONTRARSE ROPA BLANCA SUCIA O CON MANCHAS QUE NO TENGAN SOLUCI\u00d3N, SE LE COBRAR\u00c1 EL IMPORTE TOTAL DE CADA PRENDA A NUEVA, ESTO SIN EXCEPCI\u00d3N ALGUNA.<\/li>\n<li>N\u00famero m\u00e1ximo de camas supletorias en la habitaci\u00f3n: 0<\/li>\n<li>Cancelaciones\/Modificaciones: si cancelas, modificas o no te presentas, el establecimiento cargar\u00e1\/cobrar\u00e1 la estad\u00eda completa, sin posibilidad alguna de reintegro, ya que nuestras tarifas son NO REEMBOLSABLES.<\/li>\n<li>En el caso de no poder viajar por enfermedad (enviando comprobante que lo avale, sin el mismo no tomamos cambios), podr\u00e1 cambiar fechas avisando con 72 hs m\u00ednimo antes del check in, el pedido de disponibilidad debe ser con 15 d\u00edas de antelaci\u00f3n a la fecha que desea viajar, dentro del a\u00f1o en curso, quedando supeditado a la disponibilidad que tenga el hotel de misma Habitaci\u00f3n contratada\/servicios y sobre condiciones de fechas similares, en el caso que haya tarifas distintas en la fecha pedida, se actualizar\u00e1 sobre la diferencia abonada, todo esto es sin excepci\u00f3n alguna, tomado como v\u00e1lido al momento de reservar.<\/li>\n<li>De no poder viajar por problemas ajenos al hotel, no realizamos devoluci\u00f3n alguna, ni cambio alguno, con la misma condici\u00f3n tratada m\u00e1s arriba, sin excepci\u00f3n alguna.<\/li>\n<li>Pago por adelantado:\u00a0Se podr\u00e1 cargar el importe total de la reserva en cualquier momento despu\u00e9s de efectuar la reserva (tarjeta de cr\u00e9dito), con las condiciones actuales al momento de su reserva\/pago.<\/li>\n<li>Impuestos y cargos por servicio: a convenir \u2013 en caso de necesitar factura sobre tarifas en promoci\u00f3n, se recargar\u00e1 el 21% extra, mas retenci\u00f3n.<\/li>\n<li>Check in 14:00 \u2013 Check out 10:00\u00a0(con una tolerancia m\u00e1xima de 30 minutos).<\/li>\n<li>Incluido en la tarifa, <strong>DESAYUNO TIPO BUFFET<\/strong> (servido por nuestro personal, desde las 8:00 a 10:30 con TURNOS PREVIOS, para poder ser atendidos de forma ordenada y dar un servicio optimo), estos ser\u00e1n dados por personal del Hotel al momento de su ingreso.<\/li>\n<li><strong>Nuestro Hotel posee cochera semi cubierta, por orden de llegada y llaves en recepci\u00f3n, sin excepci\u00f3n o bien estacionamiento al ingreso del hotel.\u00a0 <\/strong><strong><u>El Hotel no se hace responsable <\/u>por p\u00e9rdidas\/robos\/hurtos que llegase a sufrir el hu\u00e9sped en su rodado, tanto dentro como fuera del espacio de estacionamiento &#8211; \u00a0por favor no deje sus pertenencias descuidadas, vidrios abiertos, puertas mal cerradas, objetos de valor, etc. &#8211;<br \/><br \/><\/strong><\/li>\n<li style=\"list-style-type: none;\">\n<ul>\n<li><strong>NUESTRO SERVICIO DE SPA SE ENCUENTRA INACTIVO, POR TIEMPO INDETERMINADO, POR ARREGLOS EN EL SECTOR, NUES TRAS DISCULPAS.<\/strong><\/li>\n<\/ul>\n<\/li>\n<\/ul>\n\n\n<p><\/p>\n","protected":false},"excerpt":{"rendered":"<p>&nbsp; Su RESERVA se cobrar\u00e1 en AR \u2013 Pesos Argentinos, si el pago es en d\u00f3lares,\u00a0el mismo se tomar\u00e1 del d\u00f3lar\u00a0promedio al d\u00eda del pago, tipo COMPRA de ser pasado a pesos y tipo VENTA de pesos a d\u00f3lares, como referencia se tomara el Banco Naci\u00f3n de la Argentina. En caso de que haya realizado [&hellip;]<\/p>\n","protected":false},"author":3,"featured_media":0,"parent":0,"menu_order":0,"comment_status":"closed","ping_status":"closed","template":"","meta":{"footnotes":""},"class_list":["post-74","page","type-page","status-publish","hentry"],"_links":{"self":[{"href":"https:\/\/madeohotel-spa.com.ar\/reservar\/wp-json\/wp\/v2\/pages\/74","targetHints":{"allow":["GET"]}}],"collection":[{"href":"https:\/\/madeohotel-spa.com.ar\/reservar\/wp-json\/wp\/v2\/pages"}],"about":[{"href":"https:\/\/madeohotel-spa.com.ar\/reservar\/wp-json\/wp\/v2\/types\/page"}],"author":[{"embeddable":true,"href":"https:\/\/madeohotel-spa.com.ar\/reservar\/wp-json\/wp\/v2\/users\/3"}],"replies":[{"embeddable":true,"href":"https:\/\/madeohotel-spa.com.ar\/reservar\/wp-json\/wp\/v2\/comments?post=74"}],"version-history":[{"count":23,"href":"https:\/\/madeohotel-spa.com.ar\/reservar\/wp-json\/wp\/v2\/pages\/74\/revisions"}],"predecessor-version":[{"id":532,"href":"https:\/\/madeohotel-spa.com.ar\/reservar\/wp-json\/wp\/v2\/pages\/74\/revisions\/532"}],"wp:attachment":[{"href":"https:\/\/madeohotel-spa.com.ar\/reservar\/wp-json\/wp\/v2\/media?parent=74"}],"curies":[{"name":"wp","href":"https:\/\/api.w.org\/{rel}","templated":true}]}}