{"id":2,"date":"2016-10-06T13:45:55","date_gmt":"2016-10-06T16:45:55","guid":{"rendered":"http:\/\/madeohotel-spa.com.ar\/reservar\/?page_id=2"},"modified":"2026-05-06T17:56:23","modified_gmt":"2026-05-06T20:56:23","slug":"reservar","status":"publish","type":"page","link":"https:\/\/madeohotel-spa.com.ar\/reservar\/","title":{"rendered":"Reservas online"},"content":{"rendered":"<p><strong>Importante:<\/strong> Si elige la opci\u00f3n de pago mediante transferencia o dep\u00f3sito bancario contar\u00e1 con hasta 24 hs para abonar su reserva. * (No agregar los ni\u00f1os menores de 2 a\u00f1os en el campo de b\u00fasqueda).<\/p>\n\n<h5><span style=\"color: #007302;\"><span style=\"color: #007302;\">NUESTRAS TARIFAS, AL MOMENTO DE RESERVAR, YA TIENEN UN DESCUENTO ESPECIAL\/PROMOCI\u00d3N\u00a0POR PAGO DE CONTADO EFECTIVO\/TRANSFERENCIA BANCARIA.<\/span><\/span><\/h5>\n<h5><span style=\"color: #007302;\"><span style=\"color: #007302;\"> PARA QUE SEAN V\u00c1LIDAS Y SE CONGELE DICHA RESERVA\/TARIFA, EL PAGO DEBE SER POR EL TOTAL DE LA ESTAD\u00cdA, DE ABONAR LA MITAD\/SE\u00d1A QUEDAR\u00c1 LA RESERVA ACTIVA PERO NO CONGELADA, EN CASO DE HABER CAMBIO DE TARIFAS O LAS PROMOCIONES CADUCAR\u00c1N, SE LE ACTUALIZAR\u00c1 AL MOMENTO DEL PAGO TOTAL.<\/span><\/span><\/h5>\n<h5><span style=\"color: #007302;\"><span style=\"color: #007302;\">LOS PAGOS CON TARJETAS DE CR\u00c9DITO\u00a0Y EN CUOTAS CON\/SIN INTER\u00c9S,\u00a0 NO APLICA A DICHA PROMOCI\u00d3N.<\/span><\/span><\/h5>\n\n\n<figure class=\"wp-block-image size-large\"><img loading=\"lazy\" decoding=\"async\" width=\"959\" height=\"178\" src=\"http:\/\/madeohotel-spa.com.ar\/reservar\/wp-content\/contenidos\/2019\/06\/invierno18.png\" alt=\"\" class=\"wp-image-121\" srcset=\"https:\/\/madeohotel-spa.com.ar\/reservar\/wp-content\/contenidos\/2019\/06\/invierno18.png 959w, https:\/\/madeohotel-spa.com.ar\/reservar\/wp-content\/contenidos\/2019\/06\/invierno18-300x56.png 300w, https:\/\/madeohotel-spa.com.ar\/reservar\/wp-content\/contenidos\/2019\/06\/invierno18-768x143.png 768w\" sizes=\"auto, (max-width: 959px) 100vw, 959px\" \/><\/figure>\n\n\n\n<p><\/p>\n","protected":false},"excerpt":{"rendered":"<p>Importante: Si elige la opci\u00f3n de pago mediante transferencia o dep\u00f3sito bancario contar\u00e1 con hasta 24 hs para abonar su reserva. * (No agregar los ni\u00f1os menores de 2 a\u00f1os en el campo de b\u00fasqueda). NUESTRAS TARIFAS, AL MOMENTO DE RESERVAR, YA TIENEN UN DESCUENTO ESPECIAL\/PROMOCI\u00d3N\u00a0POR PAGO DE CONTADO EFECTIVO\/TRANSFERENCIA BANCARIA. PARA QUE SEAN V\u00c1LIDAS [&hellip;]<\/p>\n","protected":false},"author":3,"featured_media":0,"parent":0,"menu_order":0,"comment_status":"closed","ping_status":"closed","template":"","meta":{"footnotes":""},"class_list":["post-2","page","type-page","status-publish","hentry"],"_links":{"self":[{"href":"https:\/\/madeohotel-spa.com.ar\/reservar\/wp-json\/wp\/v2\/pages\/2","targetHints":{"allow":["GET"]}}],"collection":[{"href":"https:\/\/madeohotel-spa.com.ar\/reservar\/wp-json\/wp\/v2\/pages"}],"about":[{"href":"https:\/\/madeohotel-spa.com.ar\/reservar\/wp-json\/wp\/v2\/types\/page"}],"author":[{"embeddable":true,"href":"https:\/\/madeohotel-spa.com.ar\/reservar\/wp-json\/wp\/v2\/users\/3"}],"replies":[{"embeddable":true,"href":"https:\/\/madeohotel-spa.com.ar\/reservar\/wp-json\/wp\/v2\/comments?post=2"}],"version-history":[{"count":57,"href":"https:\/\/madeohotel-spa.com.ar\/reservar\/wp-json\/wp\/v2\/pages\/2\/revisions"}],"predecessor-version":[{"id":554,"href":"https:\/\/madeohotel-spa.com.ar\/reservar\/wp-json\/wp\/v2\/pages\/2\/revisions\/554"}],"wp:attachment":[{"href":"https:\/\/madeohotel-spa.com.ar\/reservar\/wp-json\/wp\/v2\/media?parent=2"}],"curies":[{"name":"wp","href":"https:\/\/api.w.org\/{rel}","templated":true}]}}